{"id":1842,"date":"2018-12-10T20:25:40","date_gmt":"2018-12-10T18:25:40","guid":{"rendered":"http:\/\/villersvolley.fr\/?page_id=1842"},"modified":"2025-12-19T11:06:43","modified_gmt":"2025-12-19T10:06:43","slug":"suivez-nous-nos-prochaines-rencontres","status":"publish","type":"page","link":"https:\/\/villersvolley.fr\/","title":{"rendered":"Nos prochaines rencontres \/ Nos r\u00e9sultats"},"content":{"rendered":"<h2 style=\"clear: both;\">Actualit\u00e9s Facebook<\/h2>\n\n\n<div class=\"su-posts su-posts-default-loop \">\n\n\t\n\t\t\t\t\t\n\t\t\t\n\t\t\t<div id=\"su-post-4215\" class=\"su-post \">\n\n\t\t\t\t\t\t\t\t\t<a class=\"su-post-thumbnail\" href=\"https:\/\/villersvolley.fr\/index.php\/2026\/04\/04\/facebook-week-end-de-volley-resultats-prochain-rendez-vous-retour-sur-les-dernier\/\"><img loading=\"lazy\" decoding=\"async\" width=\"940\" height=\"788\" src=\"https:\/\/villersvolley.fr\/wp-content\/uploads\/2026\/04\/666110312_1620928406234335_1038727122319792100_n.jpg\" class=\"attachment-post-thumbnail size-post-thumbnail wp-post-image\" alt=\"\" srcset=\"https:\/\/villersvolley.fr\/wp-content\/uploads\/2026\/04\/666110312_1620928406234335_1038727122319792100_n.jpg 940w, https:\/\/villersvolley.fr\/wp-content\/uploads\/2026\/04\/666110312_1620928406234335_1038727122319792100_n-300x251.jpg 300w, https:\/\/villersvolley.fr\/wp-content\/uploads\/2026\/04\/666110312_1620928406234335_1038727122319792100_n-768x644.jpg 768w, https:\/\/villersvolley.fr\/wp-content\/uploads\/2026\/04\/666110312_1620928406234335_1038727122319792100_n-1x1.jpg 1w\" sizes=\"auto, (max-width: 940px) 100vw, 940px\" \/><\/a>\n\t\t\t\t\n\t\t\t\t<h2 class=\"su-post-title\"><a href=\"https:\/\/villersvolley.fr\/index.php\/2026\/04\/04\/facebook-week-end-de-volley-resultats-prochain-rendez-vous-retour-sur-les-dernier\/\">Facebook :  WEEK-END DE VOLLEY : R\u00c9SULTATS &#038; PROCHAIN RENDEZ-VOUS ! \nRetour sur les dernier&#8230;<\/a><\/h2>\n\n\t\t\t\t<div class=\"su-post-meta\">\n\t\t\t\t\tPubli\u00e9: 4 avril 2026\t\t\t\t<\/div>\n\n\t\t\t\t<div class=\"su-post-excerpt\">\n\t\t\t\t\t<p>\ud83c\udfd0 WEEK-END DE VOLLEY : R\u00c9SULTATS &#038; PROCHAIN RENDEZ-VOUS ! \ud83c\udfd0 Retour sur les derniers matchs de nos \u00e9quipes et zoom sur le grand rendez-vous de ce dimanche au Gymnase Chepfer ! \u2694\ufe0f \ud83d\udcca LES R\u00c9SULTATS R\u00c9CENTS Championnat Open : Open 1 : Victoire de Villers 1 face \u00e0 Flavigny (3-2) au terme d&rsquo;un match [&hellip;]<\/p>\n\t\t\t\t<\/div>\n\n\t\t\t\t\n\t\t\t<\/div>\n\n\t\t\t\t\t\n\t\t\t\n\t\t\t<div id=\"su-post-4213\" class=\"su-post \">\n\n\t\t\t\t\t\t\t\t\t<a class=\"su-post-thumbnail\" href=\"https:\/\/villersvolley.fr\/index.php\/2026\/03\/21\/facebook-week-end-de-volley-entre-bilans-et-nouveaux-defis-on-ne-sarrete-jamais-au\/\"><img loading=\"lazy\" decoding=\"async\" width=\"1414\" height=\"2000\" src=\"https:\/\/villersvolley.fr\/wp-content\/uploads\/2026\/03\/656454306_1608126127514563_4706392803074732677_n.jpg\" class=\"attachment-post-thumbnail size-post-thumbnail wp-post-image\" alt=\"\" srcset=\"https:\/\/villersvolley.fr\/wp-content\/uploads\/2026\/03\/656454306_1608126127514563_4706392803074732677_n.jpg 1414w, https:\/\/villersvolley.fr\/wp-content\/uploads\/2026\/03\/656454306_1608126127514563_4706392803074732677_n-212x300.jpg 212w, https:\/\/villersvolley.fr\/wp-content\/uploads\/2026\/03\/656454306_1608126127514563_4706392803074732677_n-724x1024.jpg 724w, https:\/\/villersvolley.fr\/wp-content\/uploads\/2026\/03\/656454306_1608126127514563_4706392803074732677_n-768x1086.jpg 768w, https:\/\/villersvolley.fr\/wp-content\/uploads\/2026\/03\/656454306_1608126127514563_4706392803074732677_n-1086x1536.jpg 1086w, https:\/\/villersvolley.fr\/wp-content\/uploads\/2026\/03\/656454306_1608126127514563_4706392803074732677_n-1x1.jpg 1w\" sizes=\"auto, (max-width: 1414px) 100vw, 1414px\" \/><\/a>\n\t\t\t\t\n\t\t\t\t<h2 class=\"su-post-title\"><a href=\"https:\/\/villersvolley.fr\/index.php\/2026\/03\/21\/facebook-week-end-de-volley-entre-bilans-et-nouveaux-defis-on-ne-sarrete-jamais-au\/\">Facebook :  WEEK-END DE VOLLEY : Entre bilans et nouveaux d\u00e9fis ! \nOn ne s&rsquo;arr\u00eate jamais au&#8230;<\/a><\/h2>\n\n\t\t\t\t<div class=\"su-post-meta\">\n\t\t\t\t\tPubli\u00e9: 21 mars 2026\t\t\t\t<\/div>\n\n\t\t\t\t<div class=\"su-post-excerpt\">\n\t\t\t\t\t<p>\ud83c\udfd0 WEEK-END DE VOLLEY : Entre bilans et nouveaux d\u00e9fis ! \ud83c\udfd0 On ne s&rsquo;arr\u00eate jamais au COS Villers VB ! Entre les derniers r\u00e9sultats de nos \u00e9quipes jeunes, open et seniors, et les matchs qui nous attendent, sortez vos agendas ! \ud83d\uddd3\ufe0f \u2705 LES R\u00c9SULTATS : \u00c7a a bataill\u00e9 sur les terrains ! F\u00e9licitations [&hellip;]<\/p>\n\t\t\t\t<\/div>\n\n\t\t\t\t\n\t\t\t<\/div>\n\n\t\t\t\t\t\n\t\t\t\n\t\t\t<div id=\"su-post-4211\" class=\"su-post \">\n\n\t\t\t\t\t\t\t\t\t<a class=\"su-post-thumbnail\" href=\"https:\/\/villersvolley.fr\/index.php\/2026\/03\/20\/facebook-equipe-open-4-18-03-2026\/\"><img loading=\"lazy\" decoding=\"async\" width=\"540\" height=\"960\" src=\"https:\/\/villersvolley.fr\/wp-content\/uploads\/2026\/03\/652670107_1603151477635582_4698887981937478498_n.jpg\" class=\"attachment-post-thumbnail size-post-thumbnail wp-post-image\" alt=\"\" srcset=\"https:\/\/villersvolley.fr\/wp-content\/uploads\/2026\/03\/652670107_1603151477635582_4698887981937478498_n.jpg 540w, https:\/\/villersvolley.fr\/wp-content\/uploads\/2026\/03\/652670107_1603151477635582_4698887981937478498_n-169x300.jpg 169w, https:\/\/villersvolley.fr\/wp-content\/uploads\/2026\/03\/652670107_1603151477635582_4698887981937478498_n-1x1.jpg 1w\" sizes=\"auto, (max-width: 540px) 100vw, 540px\" \/><\/a>\n\t\t\t\t\n\t\t\t\t<h2 class=\"su-post-title\"><a href=\"https:\/\/villersvolley.fr\/index.php\/2026\/03\/20\/facebook-equipe-open-4-18-03-2026\/\">Facebook :  Equipe Open 4\n\n 18\/03\/2026<\/a><\/h2>\n\n\t\t\t\t<div class=\"su-post-meta\">\n\t\t\t\t\tPubli\u00e9: 20 mars 2026\t\t\t\t<\/div>\n\n\t\t\t\t<div class=\"su-post-excerpt\">\n\t\t\t\t\t<p>\ud83c\udfd0 Equipe Open 4 \ud83d\udcc5 18\/03\/2026 Source<\/p>\n\t\t\t\t<\/div>\n\n\t\t\t\t\n\t\t\t<\/div>\n\n\t\t\n\t\n<\/div>\n\n<h2>Prochaines rencontres<\/h2>\n\n<!-- iframe plugin v.6.0 wordpress.org\/plugins\/iframe\/ -->\n<iframe loading=\"lazy\" src=\"https:\/\/www.ffvbbeach.org\/ffvbapp\/resu\/planning_club.php?cnclub=0545068&#038;x=11&#038;y=3\" width=\"100%\" height=\"800\" scrolling=\"yes\" class=\"iframe-class\" frameborder=\"0\"><\/iframe>\n\n<h2>R\u00e9sultats<\/h2>\n\n<!-- iframe plugin v.6.0 wordpress.org\/plugins\/iframe\/ -->\n<iframe loading=\"lazy\" src=\"https:\/\/www.ffvbbeach.org\/ffvbapp\/resu\/planning_club_class.php?cnclub=0545068&#038;x=4&#038;y=1\" width=\"100%\" height=\"3500\" scrolling=\"yes\" class=\"iframe-class\" frameborder=\"0\"><\/iframe>\n\n<p>&nbsp;<\/p>\n<p>&nbsp;<\/p>\n","protected":false},"excerpt":{"rendered":"<p>Actualit\u00e9s Facebook Prochaines rencontres R\u00e9sultats &nbsp; &nbsp;<\/p>\n","protected":false},"author":2,"featured_media":0,"parent":0,"menu_order":0,"comment_status":"closed","ping_status":"closed","template":"","meta":{"ngg_post_thumbnail":0,"footnotes":""},"class_list":["post-1842","page","type-page","status-publish","hentry"],"_links":{"self":[{"href":"https:\/\/villersvolley.fr\/index.php\/wp-json\/wp\/v2\/pages\/1842","targetHints":{"allow":["GET"]}}],"collection":[{"href":"https:\/\/villersvolley.fr\/index.php\/wp-json\/wp\/v2\/pages"}],"about":[{"href":"https:\/\/villersvolley.fr\/index.php\/wp-json\/wp\/v2\/types\/page"}],"author":[{"embeddable":true,"href":"https:\/\/villersvolley.fr\/index.php\/wp-json\/wp\/v2\/users\/2"}],"replies":[{"embeddable":true,"href":"https:\/\/villersvolley.fr\/index.php\/wp-json\/wp\/v2\/comments?post=1842"}],"version-history":[{"count":89,"href":"https:\/\/villersvolley.fr\/index.php\/wp-json\/wp\/v2\/pages\/1842\/revisions"}],"predecessor-version":[{"id":4165,"href":"https:\/\/villersvolley.fr\/index.php\/wp-json\/wp\/v2\/pages\/1842\/revisions\/4165"}],"wp:attachment":[{"href":"https:\/\/villersvolley.fr\/index.php\/wp-json\/wp\/v2\/media?parent=1842"}],"curies":[{"name":"wp","href":"https:\/\/api.w.org\/{rel}","templated":true}]}}