{"id":19,"date":"2015-08-12T17:40:55","date_gmt":"2015-08-12T16:40:55","guid":{"rendered":"http:\/\/villersvolley.fr\/wordpress\/?page_id=19"},"modified":"2022-01-31T14:18:12","modified_gmt":"2022-01-31T13:18:12","slug":"qui-sommes-nous","status":"publish","type":"page","link":"https:\/\/villersvolley.fr\/index.php\/le-club\/qui-sommes-nous\/","title":{"rendered":"Qui sommes-nous ?"},"content":{"rendered":"<div><strong> L<\/strong><strong>es membres du bureau&nbsp;<\/strong><\/div>\n<p><strong>&nbsp;&nbsp;&nbsp; Pr\u00e9sident<\/strong> : J\u00e9r\u00e9my KRAMER<br \/>\n<strong>&nbsp;&nbsp;&nbsp; Vice-pr\u00e9sident<\/strong> : Dominique MOINY<br \/>\n<strong>&nbsp;&nbsp;&nbsp; Tr\u00e9sorier<\/strong> : Cl\u00e9ment TEGNY<br \/>\n<strong>&nbsp;&nbsp;&nbsp; Secr\u00e9taire<\/strong> : Lucas VALDENAIRE<br \/>\n<strong>&nbsp;&nbsp;&nbsp; Secr\u00e9taire adjointe<\/strong> : Ma\u00eft\u00e9 SAMATHI<\/p>\n<p><strong>Les autres membres du Conseil d&rsquo;Administration<\/strong><br \/>\nK\u00e9vin CHARBONNEL, Anne-Ga\u00eblle CHRETIEN, Bruno HERBE, Tiphaine MONNERAT, Quentin VIALLET<\/p>\n<p><strong>L&rsquo;\u00e9quipe technique<\/strong><br \/>\nTherry BLIN, responsable technique<\/p>\n<p><a href=\"http:\/\/villersvolley.fr\/index.php\/le-club\/entrainements\/\"><strong>Les entra\u00eeneurs : Cliquez ici<\/strong><\/a><\/p>\n","protected":false},"excerpt":{"rendered":"<p>Les membres du bureau&nbsp; &nbsp;&nbsp;&nbsp; Pr\u00e9sident : J\u00e9r\u00e9my KRAMER &nbsp;&nbsp;&nbsp; Vice-pr\u00e9sident : Dominique MOINY &nbsp;&nbsp;&nbsp; Tr\u00e9sorier : Cl\u00e9ment TEGNY &nbsp;&nbsp;&nbsp; Secr\u00e9taire : Lucas VALDENAIRE &nbsp;&nbsp;&nbsp; Secr\u00e9taire adjointe : Ma\u00eft\u00e9 SAMATHI Les autres membres du Conseil d&rsquo;Administration K\u00e9vin CHARBONNEL, Anne-Ga\u00eblle CHRETIEN, Bruno HERBE, Tiphaine MONNERAT, Quentin VIALLET L&rsquo;\u00e9quipe technique Therry BLIN, responsable technique Les entra\u00eeneurs : [&hellip;]<\/p>\n","protected":false},"author":2,"featured_media":0,"parent":2,"menu_order":1,"comment_status":"closed","ping_status":"open","template":"page-templates\/full-width.php","meta":{"ngg_post_thumbnail":0,"footnotes":""},"class_list":["post-19","page","type-page","status-publish","hentry"],"_links":{"self":[{"href":"https:\/\/villersvolley.fr\/index.php\/wp-json\/wp\/v2\/pages\/19","targetHints":{"allow":["GET"]}}],"collection":[{"href":"https:\/\/villersvolley.fr\/index.php\/wp-json\/wp\/v2\/pages"}],"about":[{"href":"https:\/\/villersvolley.fr\/index.php\/wp-json\/wp\/v2\/types\/page"}],"author":[{"embeddable":true,"href":"https:\/\/villersvolley.fr\/index.php\/wp-json\/wp\/v2\/users\/2"}],"replies":[{"embeddable":true,"href":"https:\/\/villersvolley.fr\/index.php\/wp-json\/wp\/v2\/comments?post=19"}],"version-history":[{"count":36,"href":"https:\/\/villersvolley.fr\/index.php\/wp-json\/wp\/v2\/pages\/19\/revisions"}],"predecessor-version":[{"id":2564,"href":"https:\/\/villersvolley.fr\/index.php\/wp-json\/wp\/v2\/pages\/19\/revisions\/2564"}],"up":[{"embeddable":true,"href":"https:\/\/villersvolley.fr\/index.php\/wp-json\/wp\/v2\/pages\/2"}],"wp:attachment":[{"href":"https:\/\/villersvolley.fr\/index.php\/wp-json\/wp\/v2\/media?parent=19"}],"curies":[{"name":"wp","href":"https:\/\/api.w.org\/{rel}","templated":true}]}}