{"id":26,"date":"2015-08-12T20:27:51","date_gmt":"2015-08-12T19:27:51","guid":{"rendered":"http:\/\/villersvolley.fr\/wordpress\/?page_id=26"},"modified":"2025-09-30T16:17:42","modified_gmt":"2025-09-30T14:17:42","slug":"n3m","status":"publish","type":"page","link":"https:\/\/villersvolley.fr\/index.php\/equipes-seniors\/n3m\/","title":{"rendered":"Nationale 3 Masculine"},"content":{"rendered":"<h1 style=\"text-align: center;\"><strong><span style=\"color: #ffcc00;\">L&rsquo;\u00e9quipe pour la saison 2025-2026.<\/span><\/strong><\/h1>\n<p>&nbsp;<\/p>\n<p><a href=\"https:\/\/villersvolley.fr\/wp-content\/uploads\/2022\/01\/VNLLogo_1_Plan-de-travail-1.png\"><img loading=\"lazy\" decoding=\"async\" class=\"aligncenter size-full wp-image-2754\" src=\"https:\/\/villersvolley.fr\/wp-content\/uploads\/2022\/01\/VNLLogo_1_Plan-de-travail-1.png\" alt=\"\" width=\"400\" height=\"150\" srcset=\"https:\/\/villersvolley.fr\/wp-content\/uploads\/2022\/01\/VNLLogo_1_Plan-de-travail-1.png 400w, https:\/\/villersvolley.fr\/wp-content\/uploads\/2022\/01\/VNLLogo_1_Plan-de-travail-1-300x113.png 300w, https:\/\/villersvolley.fr\/wp-content\/uploads\/2022\/01\/VNLLogo_1_Plan-de-travail-1-128x48.png 128w, https:\/\/villersvolley.fr\/wp-content\/uploads\/2022\/01\/VNLLogo_1_Plan-de-travail-1-32x12.png 32w, https:\/\/villersvolley.fr\/wp-content\/uploads\/2022\/01\/VNLLogo_1_Plan-de-travail-1-3x1.png 3w\" sizes=\"auto, (max-width: 400px) 100vw, 400px\" \/><\/a><\/p>\n<p>&nbsp;<\/p>\n<h4><strong>ENTRAINEUR :&nbsp;<\/strong><br \/>\n<strong>HORAIRES :<\/strong> Mardi 20h30 &#8211; 22h30<br \/>\n&nbsp;&nbsp;&nbsp;&nbsp;&nbsp;&nbsp;&nbsp;&nbsp;&nbsp;&nbsp;&nbsp;&nbsp;&nbsp;&nbsp;&nbsp;&nbsp;&nbsp;&nbsp;&nbsp;&nbsp;&nbsp; Jeudi 20h30 &#8211; 22h30<\/h4>\n<h4><strong>LIEU :<\/strong> COSEC du Coll\u00e8ge G. CHEPFER<br \/>\n&nbsp;&nbsp;&nbsp;&nbsp;&nbsp;&nbsp;&nbsp;&nbsp;&nbsp;&nbsp;&nbsp; Rue de la Carri\u00e8re &#8211; Villers-l\u00e8s-Nancy<\/h4>\n<h5><div class=\"su-spoiler su-spoiler-style-default su-spoiler-icon-plus su-spoiler-closed\" data-scroll-offset=\"0\" data-anchor-in-url=\"no\"><div class=\"su-spoiler-title\" tabindex=\"0\" role=\"button\"><span class=\"su-spoiler-icon\"><\/span><strong>Composition de l'\u00e9quipe<\/strong><\/div><div class=\"su-spoiler-content su-u-clearfix su-u-trim\"><strong>JOUEURS :<br \/>\nNum\u00e9ro&nbsp;&nbsp; 2:&nbsp;<br \/>\n<\/strong><strong>Num\u00e9ro 12:&nbsp;<br \/>\n<\/strong><strong>ENTRAINEUR:&nbsp;&nbsp;<br \/>\n<\/strong><strong>Num\u00e9ro&nbsp;&nbsp; 9:<br \/>\n<\/strong><strong>Num\u00e9ro&nbsp; 13:<br \/>\n<\/strong><strong>Num\u00e9ro&nbsp;&nbsp; ?:<br \/>\n<\/strong><strong>Num\u00e9ro &nbsp; 1:<br \/>\n<\/strong><strong>Num\u00e9ro&nbsp;&nbsp; 4:<br \/>\n<\/strong><strong>Num\u00e9ro&nbsp;&nbsp; 7:<br \/>\nN<\/strong><strong>um\u00e9ro&nbsp;&nbsp; 3:<br \/>\nN<\/strong><strong>um\u00e9ro 10: <\/strong><strong><br \/>\n<\/strong><strong>N<\/strong><strong>um\u00e9ro&nbsp;&nbsp; 5: <\/strong><strong><br \/>\n<\/strong><strong>Num\u00e9ro&nbsp;&nbsp; 6: <\/strong><strong><br \/>\n<\/strong>&nbsp;<\/div><\/div><\/h5>\n<p><strong>Les r\u00e9sultats :<\/strong><\/p>\n<p><strong>\n<!-- iframe plugin v.6.0 wordpress.org\/plugins\/iframe\/ -->\n<iframe loading=\"lazy\" src=\"https:\/\/www.ffvbbeach.org\/ffvbapp\/resu\/vbspo_calendrier.php?saison=2025%2F2026&#038;codent=ABCCS&#038;poule=3MC&#038;calend=COMPLET&#038;equipe=5&#038;x=5&#038;y=10\" width=\"100%\" height=\"1024\" scrolling=\"yes\" class=\"iframe-class\" frameborder=\"0\"><\/iframe>\n<\/strong><\/p>\n<h1 style=\"text-align: center;\">&nbsp;<\/h1>\n<hr>\n<h1 style=\"text-align: center;\"><strong><span style=\"color: #ffcc00;\"><br \/>\nL&rsquo;\u00e9quipe pour la saison 2024-2025.<\/span><\/strong><\/h1>\n<p>&nbsp;<\/p>\n<p><a href=\"https:\/\/villersvolley.fr\/wp-content\/uploads\/2024\/10\/N3-2024-scaled.jpg\"><img loading=\"lazy\" decoding=\"async\" class=\"aligncenter size-full wp-image-3749\" src=\"https:\/\/villersvolley.fr\/wp-content\/uploads\/2024\/10\/N3-2024-scaled.jpg\" alt=\"\" width=\"2560\" height=\"1920\" srcset=\"https:\/\/villersvolley.fr\/wp-content\/uploads\/2024\/10\/N3-2024-scaled.jpg 2560w, https:\/\/villersvolley.fr\/wp-content\/uploads\/2024\/10\/N3-2024-300x225.jpg 300w, https:\/\/villersvolley.fr\/wp-content\/uploads\/2024\/10\/N3-2024-1024x768.jpg 1024w, https:\/\/villersvolley.fr\/wp-content\/uploads\/2024\/10\/N3-2024-768x576.jpg 768w, https:\/\/villersvolley.fr\/wp-content\/uploads\/2024\/10\/N3-2024-1536x1152.jpg 1536w, https:\/\/villersvolley.fr\/wp-content\/uploads\/2024\/10\/N3-2024-2048x1536.jpg 2048w, https:\/\/villersvolley.fr\/wp-content\/uploads\/2024\/10\/N3-2024-1x1.jpg 1w\" sizes=\"auto, (max-width: 2560px) 100vw, 2560px\" \/><\/a><\/p>\n<p>&nbsp;<\/p>\n<h4><strong>ENTRAINEUR : J\u00e9r\u00e9my &#8211; Cl\u00e9ment<\/strong><br \/>\n<strong>HORAIRES :<\/strong> Mardi 20h30 &#8211; 22h30<br \/>\n&nbsp;&nbsp;&nbsp;&nbsp;&nbsp;&nbsp;&nbsp;&nbsp;&nbsp;&nbsp;&nbsp;&nbsp;&nbsp;&nbsp;&nbsp;&nbsp;&nbsp;&nbsp;&nbsp;&nbsp;&nbsp; Jeudi 20h30 &#8211; 22h30<\/h4>\n<h4><strong>LIEU :<\/strong> COSEC du Coll\u00e8ge G. CHEPFER<br \/>\n&nbsp;&nbsp;&nbsp;&nbsp;&nbsp;&nbsp;&nbsp;&nbsp;&nbsp;&nbsp;&nbsp; Rue de la Carri\u00e8re &#8211; Villers-l\u00e8s-Nancy<\/h4>\n<h5><div class=\"su-spoiler su-spoiler-style-default su-spoiler-icon-plus su-spoiler-closed\" data-scroll-offset=\"0\" data-anchor-in-url=\"no\"><div class=\"su-spoiler-title\" tabindex=\"0\" role=\"button\"><span class=\"su-spoiler-icon\"><\/span><strong>Composition de l'\u00e9quipe<\/strong><\/div><div class=\"su-spoiler-content su-u-clearfix su-u-trim\"><strong>JOUEURS :<br \/>\nNum\u00e9ro&nbsp;&nbsp; 2:&nbsp;<br \/>\n<\/strong><strong>Num\u00e9ro 12:&nbsp;<br \/>\n<\/strong><strong>ENTRAINEUR:&nbsp; Cl\u00e9ment<br \/>\n<\/strong><strong>Num\u00e9ro&nbsp;&nbsp; 9:<br \/>\n<\/strong><strong>Num\u00e9ro&nbsp; 13:<br \/>\n<\/strong><strong>Num\u00e9ro&nbsp;&nbsp; ?:<br \/>\n<\/strong><strong>Num\u00e9ro &nbsp; 1:<br \/>\n<\/strong><strong>Num\u00e9ro&nbsp;&nbsp; 4:<br \/>\n<\/strong><strong>Num\u00e9ro&nbsp;&nbsp; 7:<br \/>\nN<\/strong><strong>um\u00e9ro&nbsp;&nbsp; 3:<br \/>\nN<\/strong><strong>um\u00e9ro 10: <\/strong><strong><br \/>\n<\/strong><strong>N<\/strong><strong>um\u00e9ro&nbsp;&nbsp; 5: <\/strong><strong><br \/>\n<\/strong><strong>Num\u00e9ro&nbsp;&nbsp; 6: <\/strong><strong><br \/>\n<\/strong>&nbsp;<\/div><\/div><\/h5>\n<p><strong>Les r\u00e9sultats :<\/strong><\/p>\n<p><strong>\n<!-- iframe plugin v.6.0 wordpress.org\/plugins\/iframe\/ -->\n<iframe loading=\"lazy\" src=\"https:\/\/www.ffvbbeach.org\/ffvbapp\/resu\/vbspo_calendrier.php?saison=2024%2F2025&#038;codent=ABCCS&#038;poule=3MF&#038;calend=COMPLET&#038;equipe=10&#038;x=5&#038;y=10\" width=\"100%\" height=\"1024\" scrolling=\"yes\" class=\"iframe-class\" frameborder=\"0\"><\/iframe>\n<\/strong><\/p>\n<h5>&nbsp;<\/h5>\n<hr>\n<h1 style=\"text-align: center;\"><strong><span style=\"color: #ffcc00;\">L&rsquo;\u00e9quipe pour la saison 2023-2024.<\/span><\/strong><\/h1>\n<p>&nbsp;<\/p>\n<p><a href=\"https:\/\/villersvolley.fr\/wp-content\/uploads\/2022\/01\/VNLLogo_1_Plan-de-travail-1.png\"><img loading=\"lazy\" decoding=\"async\" class=\"aligncenter size-full wp-image-2754\" src=\"https:\/\/villersvolley.fr\/wp-content\/uploads\/2022\/01\/VNLLogo_1_Plan-de-travail-1.png\" alt=\"\" width=\"400\" height=\"150\" srcset=\"https:\/\/villersvolley.fr\/wp-content\/uploads\/2022\/01\/VNLLogo_1_Plan-de-travail-1.png 400w, https:\/\/villersvolley.fr\/wp-content\/uploads\/2022\/01\/VNLLogo_1_Plan-de-travail-1-300x113.png 300w, https:\/\/villersvolley.fr\/wp-content\/uploads\/2022\/01\/VNLLogo_1_Plan-de-travail-1-128x48.png 128w, https:\/\/villersvolley.fr\/wp-content\/uploads\/2022\/01\/VNLLogo_1_Plan-de-travail-1-32x12.png 32w, https:\/\/villersvolley.fr\/wp-content\/uploads\/2022\/01\/VNLLogo_1_Plan-de-travail-1-3x1.png 3w\" sizes=\"auto, (max-width: 400px) 100vw, 400px\" \/><\/a><\/p>\n<p>&nbsp;<\/p>\n<h4><strong>ENTRAINEUR : J\u00e9r\u00e9my &#8211; Cl\u00e9ment<\/strong><br \/>\n<strong>HORAIRES :<\/strong> Mardi 20h30 &#8211; 22h30<br \/>\n&nbsp;&nbsp;&nbsp;&nbsp;&nbsp;&nbsp;&nbsp;&nbsp;&nbsp;&nbsp;&nbsp;&nbsp;&nbsp;&nbsp;&nbsp;&nbsp;&nbsp;&nbsp;&nbsp;&nbsp;&nbsp; Jeudi 20h30 &#8211; 22h300<\/h4>\n<h4><strong>LIEU :<\/strong> COSEC du Coll\u00e8ge G. CHEPFER<br \/>\n&nbsp;&nbsp;&nbsp;&nbsp;&nbsp;&nbsp;&nbsp;&nbsp;&nbsp;&nbsp;&nbsp; Rue de la Carri\u00e8re &#8211; Villers-l\u00e8s-Nancy<\/h4>\n<p>&nbsp;<\/p>\n<p><strong>Les r\u00e9sultats :<br \/>\n\n<!-- iframe plugin v.6.0 wordpress.org\/plugins\/iframe\/ -->\n<iframe loading=\"lazy\" src=\"https:\/\/www.ffvbbeach.org\/ffvbapp\/resu\/vbspo_calendrier.php?saison=2023%2F2024&#038;codent=LILO&#038;poule=PGD&#038;calend=COMPLET&#038;equipe=1&#038;x=9&#038;y=7\" width=\"100%\" height=\"1024\" scrolling=\"yes\" class=\"iframe-class\" frameborder=\"0\"><\/iframe>\n<\/strong><\/p>\n\n<!-- iframe plugin v.6.0 wordpress.org\/plugins\/iframe\/ -->\n<iframe loading=\"lazy\" src=\"https:\/\/www.ffvbbeach.org\/ffvbapp\/resu\/vbspo_calendrier.php?saison=2023%2F2024&#038;codent=LILO&#038;poule=PGA&#038;calend=COMPLET&#038;equipe=2&#038;x=7&#038;y=11\" width=\"100%\" height=\"1024\" scrolling=\"yes\" class=\"iframe-class\" frameborder=\"0\"><\/iframe>\n\n<p>&nbsp;<\/p>\n<hr>\n<p><!--more--><\/p>\n<h1 style=\"text-align: center;\"><strong><span style=\"color: #ff9900;\"><br \/>\nL&rsquo;\u00e9quipe pour la saison 2022-2023.<\/span><\/strong><\/h1>\n<p>&nbsp;<\/p>\n<p style=\"text-align: center;\"><a href=\"https:\/\/villersvolley.fr\/wp-content\/uploads\/2022\/10\/BFE28464-A5E9-468F-BAF7-20FF3925BEAE.jpeg\"><img loading=\"lazy\" decoding=\"async\" class=\"aligncenter size-full wp-image-3088\" src=\"https:\/\/villersvolley.fr\/wp-content\/uploads\/2022\/10\/BFE28464-A5E9-468F-BAF7-20FF3925BEAE.jpeg\" alt=\"\" width=\"1080\" height=\"756\" srcset=\"https:\/\/villersvolley.fr\/wp-content\/uploads\/2022\/10\/BFE28464-A5E9-468F-BAF7-20FF3925BEAE.jpeg 1080w, https:\/\/villersvolley.fr\/wp-content\/uploads\/2022\/10\/BFE28464-A5E9-468F-BAF7-20FF3925BEAE-300x210.jpeg 300w, https:\/\/villersvolley.fr\/wp-content\/uploads\/2022\/10\/BFE28464-A5E9-468F-BAF7-20FF3925BEAE-1024x717.jpeg 1024w, https:\/\/villersvolley.fr\/wp-content\/uploads\/2022\/10\/BFE28464-A5E9-468F-BAF7-20FF3925BEAE-768x538.jpeg 768w, https:\/\/villersvolley.fr\/wp-content\/uploads\/2022\/10\/BFE28464-A5E9-468F-BAF7-20FF3925BEAE-1x1.jpeg 1w\" sizes=\"auto, (max-width: 1080px) 100vw, 1080px\" \/><\/a><\/p>\n<p>&nbsp;<\/p>\n<h4><strong>ENTRAINEUR : <\/strong>Pierre Pezet<br \/>\n<strong>HORAIRES :<\/strong> Mardi 20h30 &#8211; 22h30<br \/>\n&nbsp;&nbsp;&nbsp;&nbsp;&nbsp;&nbsp;&nbsp;&nbsp;&nbsp;&nbsp;&nbsp;&nbsp;&nbsp;&nbsp;&nbsp;&nbsp;&nbsp;&nbsp;&nbsp;&nbsp;&nbsp; Vendredi 20h30 &#8211; 23h00<\/h4>\n<h4><strong>LIEU :<\/strong> COSEC du Coll\u00e8ge G. CHEPFER<br \/>\n&nbsp;&nbsp;&nbsp;&nbsp;&nbsp;&nbsp;&nbsp;&nbsp;&nbsp;&nbsp;&nbsp; Rue de la Carri\u00e8re &#8211; Villers-l\u00e8s-Nancy<\/h4>\n<p>&nbsp;<\/p>\n<p><strong>Les r\u00e9sultats :<br \/>\n\n<!-- iframe plugin v.6.0 wordpress.org\/plugins\/iframe\/ -->\n<iframe loading=\"lazy\" src=\"https:\/\/www.ffvbbeach.org\/ffvbapp\/resu\/vbspo_calendrier.php?saison=2022%2F2023&#038;codent=ABCCS&#038;poule=3MC&#038;calend=COMPLET&#038;equipe=3&#038;x=5&#038;y=10\" width=\"100%\" height=\"1024\" scrolling=\"yes\" class=\"iframe-class\" frameborder=\"0\"><\/iframe>\n<\/strong><\/p>\n<p>&nbsp;<\/p>\n<hr>\n<p><!--more--><\/p>\n<h1 style=\"text-align: center;\"><span style=\"color: #ff9900;\"><strong>L&rsquo;\u00e9quipe pour la saison 2022-2023.<\/strong><\/span><\/h1>\n<p><img loading=\"lazy\" decoding=\"async\" class=\"alignnone wp-image-2765 size-full\" src=\"https:\/\/villersvolley.fr\/wp-content\/uploads\/2022\/01\/N3-1.jpg\" alt=\"\" width=\"1300\" height=\"600\" srcset=\"https:\/\/villersvolley.fr\/wp-content\/uploads\/2022\/01\/N3-1.jpg 1300w, https:\/\/villersvolley.fr\/wp-content\/uploads\/2022\/01\/N3-1-300x138.jpg 300w, https:\/\/villersvolley.fr\/wp-content\/uploads\/2022\/01\/N3-1-1024x473.jpg 1024w, https:\/\/villersvolley.fr\/wp-content\/uploads\/2022\/01\/N3-1-768x354.jpg 768w, https:\/\/villersvolley.fr\/wp-content\/uploads\/2022\/01\/N3-1-128x59.jpg 128w, https:\/\/villersvolley.fr\/wp-content\/uploads\/2022\/01\/N3-1-32x15.jpg 32w, https:\/\/villersvolley.fr\/wp-content\/uploads\/2022\/01\/N3-1-2x1.jpg 2w\" sizes=\"auto, (max-width: 1300px) 100vw, 1300px\" \/><\/p>\n<h4><strong>ENTRAINEUR : <\/strong>Pierre Pezet<br \/>\n<strong>HORAIRES :<\/strong> Mardi 20h30 &#8211; 22h30<br \/>\n&nbsp;&nbsp;&nbsp;&nbsp;&nbsp;&nbsp;&nbsp;&nbsp;&nbsp;&nbsp;&nbsp;&nbsp;&nbsp;&nbsp;&nbsp;&nbsp;&nbsp;&nbsp;&nbsp;&nbsp;&nbsp; Vendredi 20h30 &#8211; 23h00<\/h4>\n<h4><strong>LIEU :<\/strong> COSEC du Coll\u00e8ge G. CHEPFER<br \/>\n&nbsp;&nbsp;&nbsp;&nbsp;&nbsp;&nbsp;&nbsp;&nbsp;&nbsp;&nbsp;&nbsp; Rue de la Carri\u00e8re &#8211; Villers-l\u00e8s-Nancy<\/h4>\n<p>&nbsp;<\/p>\n<p><strong>Les r\u00e9sultats :<br \/>\n\n<!-- iframe plugin v.6.0 wordpress.org\/plugins\/iframe\/ -->\n<iframe loading=\"lazy\" src=\"https:\/\/www.ffvbbeach.org\/ffvbapp\/resu\/vbspo_calendrier.php?saison=2021%2F2022&#038;codent=ABCCS&#038;poule=3MH&#038;calend=COMPLET&#038;equipe=2&#038;x=6&#038;y=8\" width=\"100%\" height=\"1024\" scrolling=\"yes\" class=\"iframe-class\" frameborder=\"0\"><\/iframe>\n<\/strong><\/p>\n","protected":false},"excerpt":{"rendered":"<p>L&rsquo;\u00e9quipe pour la saison 2025-2026. &nbsp; &nbsp; ENTRAINEUR :&nbsp; HORAIRES : Mardi 20h30 &#8211; 22h30 &nbsp;&nbsp;&nbsp;&nbsp;&nbsp;&nbsp;&nbsp;&nbsp;&nbsp;&nbsp;&nbsp;&nbsp;&nbsp;&nbsp;&nbsp;&nbsp;&nbsp;&nbsp;&nbsp;&nbsp;&nbsp; Jeudi 20h30 &#8211; 22h30 LIEU : COSEC du Coll\u00e8ge G. CHEPFER &nbsp;&nbsp;&nbsp;&nbsp;&nbsp;&nbsp;&nbsp;&nbsp;&nbsp;&nbsp;&nbsp; Rue de la Carri\u00e8re &#8211; Villers-l\u00e8s-Nancy Les r\u00e9sultats : &nbsp; L&rsquo;\u00e9quipe pour la saison 2024-2025. &nbsp; &nbsp; ENTRAINEUR : J\u00e9r\u00e9my &#8211; Cl\u00e9ment HORAIRES : Mardi 20h30 &#8211; [&hellip;]<\/p>\n","protected":false},"author":2,"featured_media":0,"parent":2677,"menu_order":1,"comment_status":"closed","ping_status":"closed","template":"page-templates\/full-width.php","meta":{"ngg_post_thumbnail":0,"footnotes":""},"class_list":["post-26","page","type-page","status-publish","hentry"],"_links":{"self":[{"href":"https:\/\/villersvolley.fr\/index.php\/wp-json\/wp\/v2\/pages\/26","targetHints":{"allow":["GET"]}}],"collection":[{"href":"https:\/\/villersvolley.fr\/index.php\/wp-json\/wp\/v2\/pages"}],"about":[{"href":"https:\/\/villersvolley.fr\/index.php\/wp-json\/wp\/v2\/types\/page"}],"author":[{"embeddable":true,"href":"https:\/\/villersvolley.fr\/index.php\/wp-json\/wp\/v2\/users\/2"}],"replies":[{"embeddable":true,"href":"https:\/\/villersvolley.fr\/index.php\/wp-json\/wp\/v2\/comments?post=26"}],"version-history":[{"count":94,"href":"https:\/\/villersvolley.fr\/index.php\/wp-json\/wp\/v2\/pages\/26\/revisions"}],"predecessor-version":[{"id":3901,"href":"https:\/\/villersvolley.fr\/index.php\/wp-json\/wp\/v2\/pages\/26\/revisions\/3901"}],"up":[{"embeddable":true,"href":"https:\/\/villersvolley.fr\/index.php\/wp-json\/wp\/v2\/pages\/2677"}],"wp:attachment":[{"href":"https:\/\/villersvolley.fr\/index.php\/wp-json\/wp\/v2\/media?parent=26"}],"curies":[{"name":"wp","href":"https:\/\/api.w.org\/{rel}","templated":true}]}}