{"id":2681,"date":"2022-01-24T15:56:20","date_gmt":"2022-01-24T14:56:20","guid":{"rendered":"https:\/\/villersvolley.fr\/?page_id=2681"},"modified":"2025-09-16T00:29:36","modified_gmt":"2025-09-15T22:29:36","slug":"loisirs","status":"publish","type":"page","link":"https:\/\/villersvolley.fr\/index.php\/loisirs\/","title":{"rendered":"Loisirs"},"content":{"rendered":"<h4 style=\"padding-left: 40px;\"><strong>VILLERS VOLLEY LOISIRS<a href=\"http:\/\/villersvolley.fr\/wp-content\/uploads\/2018\/10\/Loisir001.jpg\"><img loading=\"lazy\" decoding=\"async\" class=\"wp-image-1774 size-large alignright\" src=\"https:\/\/villersvolley.fr\/wp-content\/uploads\/2018\/10\/Loisir001-1024x768.jpg\" alt=\"\" width=\"654\" height=\"491\" srcset=\"https:\/\/villersvolley.fr\/wp-content\/uploads\/2018\/10\/Loisir001-1024x768.jpg 1024w, https:\/\/villersvolley.fr\/wp-content\/uploads\/2018\/10\/Loisir001-300x225.jpg 300w, https:\/\/villersvolley.fr\/wp-content\/uploads\/2018\/10\/Loisir001-768x576.jpg 768w, https:\/\/villersvolley.fr\/wp-content\/uploads\/2018\/10\/Loisir001-1x1.jpg 1w\" sizes=\"auto, (max-width: 654px) 100vw, 654px\" \/><\/a><\/strong><\/h4>\r\n<h5>Venez d\u00e9couvrir et vous amuser<br>en pratiquant le volley-ball dans une ambiance conviviale<strong>.<br><\/strong><\/h5>\r\n<h5><strong>HORAIRES<\/strong> \/&nbsp;<strong> Lundi : 20h45 &#8211; 22h30 <\/strong><\/h5>\r\n<h5><strong>&nbsp;&nbsp;&nbsp;&nbsp;&nbsp;&nbsp;&nbsp;&nbsp;&nbsp;&nbsp;&nbsp;&nbsp;&nbsp;&nbsp;&nbsp;&nbsp;&nbsp;&nbsp; &nbsp;&nbsp; Samedi : 11h00 &#8211; 13h00<\/strong><\/h5>\r\n<h5>R\u00e9serv\u00e9 aux plus de 18 ans, tous les niveaux sont les bienvenus.<br><br>Premi\u00e8re s\u00e9ance d&rsquo;essai gratuite r\u00e9serv\u00e9 au nouveaux. ( <strong>Licence obligatoire pour les anciens membres<\/strong>)<br><br><\/h5>\r\n<p>Pour la gestion du loisir, le club utilise depuis plusieurs ann\u00e9es une application gratuite (application t\u00e9l\u00e9phone compatible toutes marques, ou accessible par page web sur ordinateur) qui permet de recenser les pr\u00e9sences et \u00eatre inform\u00e9 des s\u00e9ances seuls ceux qui auront leur licences valid\u00e9 par le club auront acc\u00e8s a celle ci : <strong>Merci de pr\u00e9venir avant votre venu, pour ne pas engendrer un grand nombre de personne et pouvoir profiter de la s\u00e9ance au mieux. (formulaire de contact en bas de cette page pour nous pr\u00e9venir)<br><\/strong><\/p>\r\n<p>&nbsp;<\/p>\r\n<p><a href=\"https:\/\/villersvolley.fr\/index.php\/loisirs\/gestion-equipes-loisir\/\">Gestion des \u00e9quipes loisir test<\/a><br><br><strong>Horaires des prochaines s\u00e9ances loisirs :<br><\/strong>\n<!-- iframe plugin v.6.0 wordpress.org\/plugins\/iframe\/ -->\n<iframe loading=\"lazy\" width=\"100%\" height=\"480\" src=\"https:\/\/www.sportmember.fr\/info_screens\/1359\" scrolling=\"yes\" class=\"iframe-class\" frameborder=\"0\"><\/iframe>\n\r\n<p><br>Inscription \u00e0 l&rsquo;application d\u00e8s que votre licence sera valid\u00e9e, suppression automatique en debut d ann\u00e9e et si vous n&rsquo;avez pas valid\u00e9 votre licence (<strong>Validation Financi\u00e8re et Validation Administrative<\/strong>)<\/p>\r\n<h4><span style=\"color: #ff0000;\"><strong>PS : R\u00e9initialisation annuelle de l application et revalidation apr\u00e8s licence valid\u00e9e par le club<\/strong>.&nbsp;<\/span><\/h4>\r\n<h5><\/h5>\r\n<p>Vous voulez venir essayer, pr\u00e9venir que vous souhaitez venir, accompagn\u00e9 ou seul, avoir plus d&rsquo;informations :<br><br>\n<!-- iframe plugin v.6.0 wordpress.org\/plugins\/iframe\/ -->\n<iframe loading=\"lazy\" src=\"https:\/\/villersvolley.fr\/Formulaire\/Gpt.3.php\" width=\"100%\" height=\"800\" scrolling=\"yes\" class=\"iframe-class\" frameborder=\"0\"><\/iframe>\n&nbsp;<br><br><\/p>\r\n<h5><\/h5>","protected":false},"excerpt":{"rendered":"<p>VILLERS VOLLEY LOISIRS Venez d\u00e9couvrir et vous amuseren pratiquant le volley-ball dans une ambiance conviviale. HORAIRES \/&nbsp; Lundi : 20h45 &#8211; 22h30 &nbsp;&nbsp;&nbsp;&nbsp;&nbsp;&nbsp;&nbsp;&nbsp;&nbsp;&nbsp;&nbsp;&nbsp;&nbsp;&nbsp;&nbsp;&nbsp;&nbsp;&nbsp; &nbsp;&nbsp; Samedi : 11h00 &#8211; 13h00 R\u00e9serv\u00e9 aux plus de 18 ans, tous les niveaux sont les bienvenus. Premi\u00e8re s\u00e9ance d&rsquo;essai gratuite r\u00e9serv\u00e9 au nouveaux. ( Licence obligatoire pour les anciens membres) [&hellip;]<\/p>\n","protected":false},"author":5,"featured_media":0,"parent":0,"menu_order":5,"comment_status":"closed","ping_status":"closed","template":"page-templates\/full-width.php","meta":{"ngg_post_thumbnail":0,"footnotes":""},"class_list":["post-2681","page","type-page","status-publish","hentry"],"_links":{"self":[{"href":"https:\/\/villersvolley.fr\/index.php\/wp-json\/wp\/v2\/pages\/2681","targetHints":{"allow":["GET"]}}],"collection":[{"href":"https:\/\/villersvolley.fr\/index.php\/wp-json\/wp\/v2\/pages"}],"about":[{"href":"https:\/\/villersvolley.fr\/index.php\/wp-json\/wp\/v2\/types\/page"}],"author":[{"embeddable":true,"href":"https:\/\/villersvolley.fr\/index.php\/wp-json\/wp\/v2\/users\/5"}],"replies":[{"embeddable":true,"href":"https:\/\/villersvolley.fr\/index.php\/wp-json\/wp\/v2\/comments?post=2681"}],"version-history":[{"count":52,"href":"https:\/\/villersvolley.fr\/index.php\/wp-json\/wp\/v2\/pages\/2681\/revisions"}],"predecessor-version":[{"id":3890,"href":"https:\/\/villersvolley.fr\/index.php\/wp-json\/wp\/v2\/pages\/2681\/revisions\/3890"}],"wp:attachment":[{"href":"https:\/\/villersvolley.fr\/index.php\/wp-json\/wp\/v2\/media?parent=2681"}],"curies":[{"name":"wp","href":"https:\/\/api.w.org\/{rel}","templated":true}]}}