{"id":31,"date":"2015-08-12T20:29:49","date_gmt":"2015-08-12T18:29:49","guid":{"rendered":"http:\/\/villersvolley.fr\/wordpress\/?page_id=31"},"modified":"2025-09-30T16:37:00","modified_gmt":"2025-09-30T14:37:00","slug":"r1g","status":"publish","type":"page","link":"https:\/\/villersvolley.fr\/index.php\/equipes-seniors\/r1g\/","title":{"rendered":"Pr\u00e9 Nationale Masculine"},"content":{"rendered":"\r\n\r\n\r\n\r\n\r\n\r\n\r\n<h1 style=\"text-align: center;\"><span style=\"color: #ffcc00;\"><strong>L\u2019\u00e9quipe <\/strong><\/span><span style=\"color: #ffcc00;\"><strong>Pr\u00e9 Nationale <\/strong><\/span><span style=\"color: #ffcc00;\"><strong>Masculine 2025-2026.<\/strong><\/span><\/h1>\r\n<p>&nbsp;<\/p>\r\n<p><a href=\"https:\/\/villersvolley.fr\/wp-content\/uploads\/2022\/01\/VNLLogo_1_Plan-de-travail-1.png\"><img loading=\"lazy\" decoding=\"async\" class=\"aligncenter size-full wp-image-2754\" src=\"https:\/\/villersvolley.fr\/wp-content\/uploads\/2022\/01\/VNLLogo_1_Plan-de-travail-1.png\" alt=\"\" width=\"400\" height=\"150\" srcset=\"https:\/\/villersvolley.fr\/wp-content\/uploads\/2022\/01\/VNLLogo_1_Plan-de-travail-1.png 400w, https:\/\/villersvolley.fr\/wp-content\/uploads\/2022\/01\/VNLLogo_1_Plan-de-travail-1-300x113.png 300w, https:\/\/villersvolley.fr\/wp-content\/uploads\/2022\/01\/VNLLogo_1_Plan-de-travail-1-128x48.png 128w, https:\/\/villersvolley.fr\/wp-content\/uploads\/2022\/01\/VNLLogo_1_Plan-de-travail-1-32x12.png 32w, https:\/\/villersvolley.fr\/wp-content\/uploads\/2022\/01\/VNLLogo_1_Plan-de-travail-1-3x1.png 3w\" sizes=\"auto, (max-width: 400px) 100vw, 400px\" \/><\/a><\/p>\r\n<h4><strong><br>ENTRAINEUR \/&nbsp; Thierry &#8211; Quentin<br><\/strong><\/h4>\r\n<h5><div class=\"su-spoiler su-spoiler-style-default su-spoiler-icon-plus su-spoiler-closed\" data-scroll-offset=\"0\" data-anchor-in-url=\"no\"><div class=\"su-spoiler-title\" tabindex=\"0\" role=\"button\"><span class=\"su-spoiler-icon\"><\/span><strong>Composition de l'\u00e9quipe<\/strong><\/div><div class=\"su-spoiler-content su-u-clearfix su-u-trim\"><strong>JOUEURS :<\/strong><strong><br>Num\u00e9ro&nbsp;&nbsp; 5:&nbsp;<br><\/strong><strong>Num\u00e9ro&nbsp;&nbsp; 4:&nbsp;<br><\/strong><strong>Num\u00e9ro 13:&nbsp;<br><\/strong><strong>Num\u00e9ro 17:&nbsp;<br><\/strong><strong>Num\u00e9ro&nbsp;&nbsp; 8:&nbsp;<br><\/strong><strong>Num\u00e9ro&nbsp;&nbsp; 9:&nbsp;<br><\/strong><strong>Num\u00e9ro&nbsp;&nbsp; 7:&nbsp;<br><\/strong><strong>Num\u00e9ro&nbsp;&nbsp; 1:&nbsp;<br><\/strong><strong>Num\u00e9ro 11:<br>N<\/strong><strong>um\u00e9ro&nbsp;&nbsp; 6:&nbsp;<\/strong><strong><br><\/strong><strong>Num\u00e9ro 16:&nbsp;<br><\/strong><strong>Num\u00e9ro 10:<br><\/strong><\/div><\/div><br><br><strong>HORAIRES \/<\/strong> Lundi : 20h00 &#8211; 22h00<br>&nbsp;&nbsp;&nbsp;&nbsp;&nbsp;&nbsp;&nbsp;&nbsp;&nbsp;&nbsp;&nbsp;&nbsp;&nbsp;&nbsp;&nbsp;&nbsp;&nbsp;&nbsp;&nbsp;&nbsp;&nbsp; Jeudi : 20h00 &#8211; 22h00<\/h5>\r\n<h4><strong>LIEU \/<\/strong> COSEC du Coll\u00e8ge G. CHEPFER<br>&nbsp;&nbsp;&nbsp;&nbsp;&nbsp;&nbsp;&nbsp;&nbsp;&nbsp;&nbsp;&nbsp; Rue de la Carri\u00e8re &#8211; Villers-l\u00e8s-Nancy<\/h4>\r\n<p>\r\n\r\n<\/p>\r\n<p><strong>Calendrier \/ R\u00e9sultats : \n<!-- iframe plugin v.6.0 wordpress.org\/plugins\/iframe\/ -->\n<iframe loading=\"lazy\" src=\"https:\/\/www.ffvbbeach.org\/ffvbapp\/resu\/vbspo_calendrier.php?saison=2025%2F2026&#038;codent=LILO&#038;poule=PGB&#038;calend=COMPLET&#038;equipe=9&#038;x=8&#038;y=6\" width=\"100%\" height=\"1024\" scrolling=\"yes\" class=\"iframe-class\" frameborder=\"0\"><\/iframe>\n<br><\/strong><br><br><br><\/p>\r\n<hr>\r\n<h1 style=\"text-align: center;\"><span style=\"color: #ffcc00;\"><strong><br>L\u2019\u00e9quipe R\u00e9gionale Masculine 2024-2025.<\/strong><\/span><\/h1>\r\n<p>&nbsp;<\/p>\r\n<p><a href=\"https:\/\/villersvolley.fr\/wp-content\/uploads\/2022\/01\/VNLLogo_1_Plan-de-travail-1.png\"><img loading=\"lazy\" decoding=\"async\" class=\"aligncenter size-full wp-image-2754\" src=\"https:\/\/villersvolley.fr\/wp-content\/uploads\/2022\/01\/VNLLogo_1_Plan-de-travail-1.png\" alt=\"\" width=\"400\" height=\"150\" srcset=\"https:\/\/villersvolley.fr\/wp-content\/uploads\/2022\/01\/VNLLogo_1_Plan-de-travail-1.png 400w, https:\/\/villersvolley.fr\/wp-content\/uploads\/2022\/01\/VNLLogo_1_Plan-de-travail-1-300x113.png 300w, https:\/\/villersvolley.fr\/wp-content\/uploads\/2022\/01\/VNLLogo_1_Plan-de-travail-1-128x48.png 128w, https:\/\/villersvolley.fr\/wp-content\/uploads\/2022\/01\/VNLLogo_1_Plan-de-travail-1-32x12.png 32w, https:\/\/villersvolley.fr\/wp-content\/uploads\/2022\/01\/VNLLogo_1_Plan-de-travail-1-3x1.png 3w\" sizes=\"auto, (max-width: 400px) 100vw, 400px\" \/><\/a><\/p>\r\n<h4><strong><br>ENTRAINEUR \/ Hugo<br>JOUEURS : <br>Num\u00e9ro&nbsp;&nbsp; 5:&nbsp;<br><\/strong><strong>Num\u00e9ro&nbsp;&nbsp; 4:&nbsp;<br><\/strong><strong>Num\u00e9ro 13:&nbsp;<br><\/strong><strong>Num\u00e9ro 17:&nbsp;<br><\/strong><strong>Num\u00e9ro&nbsp;&nbsp; 8:&nbsp;<br><\/strong><strong>Num\u00e9ro&nbsp;&nbsp; 9:&nbsp;<br><\/strong><strong>Num\u00e9ro&nbsp;&nbsp; 7:&nbsp;<br><\/strong><strong>Num\u00e9ro&nbsp;&nbsp; 1:&nbsp;<br><\/strong><strong>Num\u00e9ro 11:<br>N<\/strong><strong>um\u00e9ro&nbsp;&nbsp; 6:&nbsp;<\/strong><strong><br><\/strong><strong>Num\u00e9ro 16:&nbsp;<br><\/strong><strong>Num\u00e9ro 10:<br><\/strong><\/h4>\r\n<h4><br><strong>HORAIRES \/<\/strong> Lundi : 20h00 &#8211; 22h00<br>&nbsp;&nbsp;&nbsp;&nbsp;&nbsp;&nbsp;&nbsp;&nbsp;&nbsp;&nbsp;&nbsp;&nbsp;&nbsp;&nbsp;&nbsp;&nbsp;&nbsp;&nbsp;&nbsp;&nbsp;&nbsp; Jeudi : 20h00 &#8211; 22h00<\/h4>\r\n<h4><strong>LIEU \/<\/strong> COSEC du Coll\u00e8ge G. CHEPFER<br>&nbsp;&nbsp;&nbsp;&nbsp;&nbsp;&nbsp;&nbsp;&nbsp;&nbsp;&nbsp;&nbsp; Rue de la Carri\u00e8re &#8211; Villers-l\u00e8s-Nancy<\/h4>\r\n<p>\r\n\r\n<\/p>\r\n<p><strong>Calendrier \/ R\u00e9sultats :&nbsp;<br><br><\/strong><\/p>\r\n<hr>\r\n<h1 style=\"text-align: center;\"><span style=\"color: #000000;\"><strong><br>L\u2019\u00e9quipe 2023-2024.<\/strong><\/span><\/h1>\r\n<h4 style=\"text-align: center;\"><a href=\"https:\/\/villersvolley.fr\/wp-content\/uploads\/2023\/10\/RG.M.2023-2024_2023-10-26_16-15-35.jpg\"><img loading=\"lazy\" decoding=\"async\" class=\"aligncenter size-full wp-image-3332\" src=\"https:\/\/villersvolley.fr\/wp-content\/uploads\/2023\/10\/RG.M.2023-2024_2023-10-26_16-15-35.jpg\" alt=\"\" width=\"1104\" height=\"804\" srcset=\"https:\/\/villersvolley.fr\/wp-content\/uploads\/2023\/10\/RG.M.2023-2024_2023-10-26_16-15-35.jpg 1104w, https:\/\/villersvolley.fr\/wp-content\/uploads\/2023\/10\/RG.M.2023-2024_2023-10-26_16-15-35-300x218.jpg 300w, https:\/\/villersvolley.fr\/wp-content\/uploads\/2023\/10\/RG.M.2023-2024_2023-10-26_16-15-35-1024x746.jpg 1024w, https:\/\/villersvolley.fr\/wp-content\/uploads\/2023\/10\/RG.M.2023-2024_2023-10-26_16-15-35-768x559.jpg 768w, https:\/\/villersvolley.fr\/wp-content\/uploads\/2023\/10\/RG.M.2023-2024_2023-10-26_16-15-35-1x1.jpg 1w\" sizes=\"auto, (max-width: 1104px) 100vw, 1104px\" \/><\/a><\/h4>\r\n<h4><strong><br>ENTRAINEUR \/ Lucas VALDENAIRE<br><br>JOUEURS : <br>Num\u00e9ro&nbsp;&nbsp; 5: Lucas Bernot (Central, R4)<br><\/strong><strong>Num\u00e9ro&nbsp;&nbsp; 4: Enzo Moca (Central, R4)<br><\/strong><strong>Num\u00e9ro 13: Raphael Neige (Passeur)<br><\/strong><strong>Num\u00e9ro 17: Lucas Valdenaire (Central)<br><\/strong><strong>Num\u00e9ro&nbsp;&nbsp; 8: Lucas Djurkovic (Passeur, R4)<br><\/strong><strong>Num\u00e9ro&nbsp;&nbsp; 9: Benoit Lepage (R4)<br><\/strong><strong>Num\u00e9ro&nbsp;&nbsp; 7: J\u00e9r\u00e9mie Kreiss (Pointu)<br><\/strong><strong>Num\u00e9ro&nbsp;&nbsp; 1: J\u00e9r\u00e9mi Vargas (R4)<br><\/strong><strong>Num\u00e9ro 11: J\u00e9r\u00e9my Vaz (R4)<br>N<\/strong><strong>um\u00e9ro&nbsp;&nbsp; 6: Antonin <\/strong><strong>Vaxelaire <\/strong><strong>(Pointu)<br><\/strong><strong>Num\u00e9ro 16: Quentin Viallet (Central)<br><\/strong><strong>Num\u00e9ro 10: Jean-Max Morel (R4)<br><\/strong><\/h4>\r\n<h4><br><strong>HORAIRES \/<\/strong> Lundi : 20h00 &#8211; 22h00<br>&nbsp;&nbsp;&nbsp;&nbsp;&nbsp;&nbsp;&nbsp;&nbsp;&nbsp;&nbsp;&nbsp;&nbsp;&nbsp;&nbsp;&nbsp;&nbsp;&nbsp;&nbsp;&nbsp;&nbsp;&nbsp; Jeudi : 20h30 &#8211; 22h30<\/h4>\r\n<h4><strong>LIEU \/<\/strong> COSEC du Coll\u00e8ge G. CHEPFER<br>&nbsp;&nbsp;&nbsp;&nbsp;&nbsp;&nbsp;&nbsp;&nbsp;&nbsp;&nbsp;&nbsp; Rue de la Carri\u00e8re &#8211; Villers-l\u00e8s-Nancy<\/h4>\r\n<p>\r\n\r\n<\/p>\r\n<p><strong>Calendrier \/ R\u00e9sultats :&nbsp;<br>\n<!-- iframe plugin v.6.0 wordpress.org\/plugins\/iframe\/ -->\n<iframe loading=\"lazy\" src=\"https:\/\/www.ffvbbeach.org\/ffvbapp\/resu\/vbspo_calendrier.php?saison=2023%2F2024&#038;codent=LILO&#038;poule=RMA&#038;calend=COMPLET&#038;equipe=9&#038;x=8&#038;y=3\" width=\"100%\" height=\"1024\" scrolling=\"yes\" class=\"iframe-class\" frameborder=\"0\"><\/iframe>\n<br><br><\/strong><\/p>\r\n<h1>&nbsp;<\/h1>\r\n<hr>\r\n<h1 style=\"text-align: center;\">L\u2019\u00e9quipe 2022-2023<\/h1>\r\n<h4 style=\"text-align: center;\"><a href=\"https:\/\/villersvolley.fr\/wp-content\/uploads\/2022\/10\/CE6CD07E-A10F-453F-A939-1F4733EC017F.jpeg\"><img loading=\"lazy\" decoding=\"async\" class=\"aligncenter size-full wp-image-3095\" src=\"https:\/\/villersvolley.fr\/wp-content\/uploads\/2022\/10\/CE6CD07E-A10F-453F-A939-1F4733EC017F.jpeg\" alt=\"\" width=\"1080\" height=\"812\" srcset=\"https:\/\/villersvolley.fr\/wp-content\/uploads\/2022\/10\/CE6CD07E-A10F-453F-A939-1F4733EC017F.jpeg 1080w, https:\/\/villersvolley.fr\/wp-content\/uploads\/2022\/10\/CE6CD07E-A10F-453F-A939-1F4733EC017F-300x226.jpeg 300w, https:\/\/villersvolley.fr\/wp-content\/uploads\/2022\/10\/CE6CD07E-A10F-453F-A939-1F4733EC017F-1024x770.jpeg 1024w, https:\/\/villersvolley.fr\/wp-content\/uploads\/2022\/10\/CE6CD07E-A10F-453F-A939-1F4733EC017F-768x577.jpeg 768w, https:\/\/villersvolley.fr\/wp-content\/uploads\/2022\/10\/CE6CD07E-A10F-453F-A939-1F4733EC017F-1x1.jpeg 1w\" sizes=\"auto, (max-width: 1080px) 100vw, 1080px\" \/><\/a><\/h4>\r\n<h4><strong><br>ENTRAINEUR \/ Lucas VALDENAIRE<\/strong><br><strong>HORAIRES \/<\/strong> Lundi : 20h30 &#8211; 22h30<br>&nbsp;&nbsp;&nbsp;&nbsp;&nbsp;&nbsp;&nbsp;&nbsp;&nbsp;&nbsp;&nbsp;&nbsp;&nbsp;&nbsp;&nbsp;&nbsp;&nbsp;&nbsp;&nbsp;&nbsp;&nbsp; Jeudi : 20h30 &#8211; 22h30<\/h4>\r\n<h4><strong>LIEU \/<\/strong> COSEC du Coll\u00e8ge G. CHEPFER<br>&nbsp;&nbsp;&nbsp;&nbsp;&nbsp;&nbsp;&nbsp;&nbsp;&nbsp;&nbsp;&nbsp; Rue de la Carri\u00e8re &#8211; Villers-l\u00e8s-Nancy<\/h4>\r\n<p>\r\n\r\n<\/p>\r\n<p><strong>Calendrier \/ R\u00e9sultats :&nbsp;<\/strong><\/p>\r\n<p>\r\n\r\n<\/p>\n\n<!-- iframe plugin v.6.0 wordpress.org\/plugins\/iframe\/ -->\n<iframe loading=\"lazy\" src=\"https:\/\/www.ffvbbeach.org\/ffvbapp\/resu\/vbspo_calendrier.php?saison=2022%2F2023&#038;codent=LILO&#038;poule=RMA&#038;calend=COMPLET&#038;equipe=8&#038;x=3&#038;y=5\" width=\"100%\" height=\"1024\" scrolling=\"yes\" class=\"iframe-class\" frameborder=\"0\"><\/iframe>\n\n\r\n\r\n\r\n<p>&nbsp;<\/p>","protected":false},"excerpt":{"rendered":"<p>L\u2019\u00e9quipe Pr\u00e9 Nationale Masculine 2025-2026. &nbsp; ENTRAINEUR \/&nbsp; Thierry &#8211; Quentin HORAIRES \/ Lundi : 20h00 &#8211; 22h00&nbsp;&nbsp;&nbsp;&nbsp;&nbsp;&nbsp;&nbsp;&nbsp;&nbsp;&nbsp;&nbsp;&nbsp;&nbsp;&nbsp;&nbsp;&nbsp;&nbsp;&nbsp;&nbsp;&nbsp;&nbsp; Jeudi : 20h00 &#8211; 22h00 LIEU \/ COSEC du Coll\u00e8ge G. CHEPFER&nbsp;&nbsp;&nbsp;&nbsp;&nbsp;&nbsp;&nbsp;&nbsp;&nbsp;&nbsp;&nbsp; Rue de la Carri\u00e8re &#8211; Villers-l\u00e8s-Nancy Calendrier \/ R\u00e9sultats : L\u2019\u00e9quipe R\u00e9gionale Masculine 2024-2025. &nbsp; ENTRAINEUR \/ HugoJOUEURS : Num\u00e9ro&nbsp;&nbsp; 5:&nbsp;Num\u00e9ro&nbsp;&nbsp; 4:&nbsp;Num\u00e9ro 13:&nbsp;Num\u00e9ro 17:&nbsp;Num\u00e9ro&nbsp;&nbsp; 8:&nbsp;Num\u00e9ro&nbsp;&nbsp; [&hellip;]<\/p>\n","protected":false},"author":2,"featured_media":0,"parent":2677,"menu_order":3,"comment_status":"closed","ping_status":"closed","template":"page-templates\/full-width.php","meta":{"ngg_post_thumbnail":0,"footnotes":""},"class_list":["post-31","page","type-page","status-publish","hentry"],"_links":{"self":[{"href":"https:\/\/villersvolley.fr\/index.php\/wp-json\/wp\/v2\/pages\/31","targetHints":{"allow":["GET"]}}],"collection":[{"href":"https:\/\/villersvolley.fr\/index.php\/wp-json\/wp\/v2\/pages"}],"about":[{"href":"https:\/\/villersvolley.fr\/index.php\/wp-json\/wp\/v2\/types\/page"}],"author":[{"embeddable":true,"href":"https:\/\/villersvolley.fr\/index.php\/wp-json\/wp\/v2\/users\/2"}],"replies":[{"embeddable":true,"href":"https:\/\/villersvolley.fr\/index.php\/wp-json\/wp\/v2\/comments?post=31"}],"version-history":[{"count":69,"href":"https:\/\/villersvolley.fr\/index.php\/wp-json\/wp\/v2\/pages\/31\/revisions"}],"predecessor-version":[{"id":3912,"href":"https:\/\/villersvolley.fr\/index.php\/wp-json\/wp\/v2\/pages\/31\/revisions\/3912"}],"up":[{"embeddable":true,"href":"https:\/\/villersvolley.fr\/index.php\/wp-json\/wp\/v2\/pages\/2677"}],"wp:attachment":[{"href":"https:\/\/villersvolley.fr\/index.php\/wp-json\/wp\/v2\/media?parent=31"}],"curies":[{"name":"wp","href":"https:\/\/api.w.org\/{rel}","templated":true}]}}