{"id":3622,"date":"2024-09-18T00:51:54","date_gmt":"2024-09-17T22:51:54","guid":{"rendered":"https:\/\/villersvolley.fr\/?page_id=3622"},"modified":"2025-10-08T21:54:27","modified_gmt":"2025-10-08T19:54:27","slug":"open-villers5","status":"publish","type":"page","link":"https:\/\/villersvolley.fr\/index.php\/equipes-seniors\/open-villers5\/","title":{"rendered":"Open : Villers5"},"content":{"rendered":"\r\n<h1 style=\"text-align: center;\"><span style=\"color: #ffcc00;\">L&rsquo;\u00e9quipe pour la saison 2025-2026<\/span><\/h1>\r\n<p>&nbsp;<\/p>\r\n<h4><a href=\"https:\/\/villersvolley.fr\/wp-content\/uploads\/2025\/10\/IMG_3240-scaled.jpeg\"><img loading=\"lazy\" decoding=\"async\" class=\"aligncenter size-full wp-image-3934\" src=\"https:\/\/villersvolley.fr\/wp-content\/uploads\/2025\/10\/IMG_3240-scaled.jpeg\" alt=\"\" width=\"2560\" height=\"1920\" srcset=\"https:\/\/villersvolley.fr\/wp-content\/uploads\/2025\/10\/IMG_3240-scaled.jpeg 2560w, https:\/\/villersvolley.fr\/wp-content\/uploads\/2025\/10\/IMG_3240-300x225.jpeg 300w, https:\/\/villersvolley.fr\/wp-content\/uploads\/2025\/10\/IMG_3240-1024x768.jpeg 1024w, https:\/\/villersvolley.fr\/wp-content\/uploads\/2025\/10\/IMG_3240-768x576.jpeg 768w, https:\/\/villersvolley.fr\/wp-content\/uploads\/2025\/10\/IMG_3240-1536x1152.jpeg 1536w, https:\/\/villersvolley.fr\/wp-content\/uploads\/2025\/10\/IMG_3240-2048x1536.jpeg 2048w, https:\/\/villersvolley.fr\/wp-content\/uploads\/2025\/10\/IMG_3240-1x1.jpeg 1w\" sizes=\"auto, (max-width: 2560px) 100vw, 2560px\" \/><\/a><\/h4>\r\n<h4><strong>Responsable : Virgile<\/strong>&nbsp;<br><strong>HORAIRES :<\/strong> Mercredi : 20h00 &#8211; 22h00<br><strong>LIEU :<\/strong> COSEC du Coll\u00e8ge G. CHEPFER<br>&nbsp;&nbsp;&nbsp;&nbsp;&nbsp;&nbsp;&nbsp;&nbsp;&nbsp;&nbsp;&nbsp; Rue de la Carri\u00e8re &#8211; Villers-l\u00e8s-Nancy<\/h4>\r\n<p>&nbsp;<\/p>\r\n<p><strong>R\u00e9sultats :<br>\n<!-- iframe plugin v.6.0 wordpress.org\/plugins\/iframe\/ -->\n<iframe loading=\"lazy\" src=\"https:\/\/www.ffvbbeach.org\/ffvbapp\/resu\/vbspo_calendrier.php?saison=2025%2F2026&#038;codent=PTLO54&#038;poule=OP4&#038;calend=COMPLET&#038;equipe=3&#038;x=8&#038;y=7\" width=\"100%\" height=\"1024\" scrolling=\"yes\" class=\"iframe-class\" frameborder=\"0\"><\/iframe>\n<\/strong><\/p>\r\n<h2 style=\"text-align: center;\">&nbsp;<\/h2>\r\n<h2 style=\"text-align: center;\"><br><br>L&rsquo;\u00e9quipe de la saison 2024-2025<\/h2>\r\n<p><a href=\"https:\/\/villersvolley.fr\/wp-content\/uploads\/2024\/09\/villers5.jpg\"><img loading=\"lazy\" decoding=\"async\" class=\"aligncenter size-full wp-image-3615\" src=\"https:\/\/villersvolley.fr\/wp-content\/uploads\/2024\/09\/villers5.jpg\" alt=\"\" width=\"745\" height=\"500\" srcset=\"https:\/\/villersvolley.fr\/wp-content\/uploads\/2024\/09\/villers5.jpg 745w, https:\/\/villersvolley.fr\/wp-content\/uploads\/2024\/09\/villers5-300x201.jpg 300w, https:\/\/villersvolley.fr\/wp-content\/uploads\/2024\/09\/villers5-1x1.jpg 1w\" sizes=\"auto, (max-width: 745px) 100vw, 745px\" \/><\/a><\/p>\r\n<h4>&nbsp;<\/h4>\r\n<h4><strong>ENTRAINEUR \/ Virgile<\/strong><br><strong>HORAIRES \/<\/strong> Lundi: 20h45 &#8211; 22h45<br><strong>LIEU \/<\/strong> COSEC Marie Marvingt<br>&nbsp;&nbsp;&nbsp;&nbsp;&nbsp;&nbsp;&nbsp;&nbsp;&nbsp;&nbsp;&nbsp; Bd des Essarts &#8211; Villers-l\u00e8s-Nancy<\/h4>\r\n<p>&nbsp;<\/p>\r\n<p><strong>R\u00e9sultats:<\/strong><\/p>\r\n<p><strong>\n<!-- iframe plugin v.6.0 wordpress.org\/plugins\/iframe\/ -->\n<iframe loading=\"lazy\" src=\"https:\/\/www.ffvbbeach.org\/ffvbapp\/resu\/vbspo_calendrier.php?saison=2024%2F2025&#038;codent=PTLO54&#038;poule=OP5&#038;calend=COMPLET&#038;equipe=1&#038;x=11&#038;y=6\" width=\"100%\" height=\"1024\" scrolling=\"yes\" class=\"iframe-class\" frameborder=\"0\"><\/iframe>\n<br><\/strong><\/p>\r\n<p>&nbsp;<\/p>","protected":false},"excerpt":{"rendered":"<p>L&rsquo;\u00e9quipe pour la saison 2025-2026 &nbsp; Responsable : Virgile&nbsp;HORAIRES : Mercredi : 20h00 &#8211; 22h00LIEU : COSEC du Coll\u00e8ge G. CHEPFER&nbsp;&nbsp;&nbsp;&nbsp;&nbsp;&nbsp;&nbsp;&nbsp;&nbsp;&nbsp;&nbsp; Rue de la Carri\u00e8re &#8211; Villers-l\u00e8s-Nancy &nbsp; R\u00e9sultats : &nbsp; L&rsquo;\u00e9quipe de la saison 2024-2025 &nbsp; ENTRAINEUR \/ VirgileHORAIRES \/ Lundi: 20h45 &#8211; 22h45LIEU \/ COSEC Marie Marvingt&nbsp;&nbsp;&nbsp;&nbsp;&nbsp;&nbsp;&nbsp;&nbsp;&nbsp;&nbsp;&nbsp; Bd des Essarts &#8211; Villers-l\u00e8s-Nancy &nbsp; [&hellip;]<\/p>\n","protected":false},"author":2,"featured_media":0,"parent":2677,"menu_order":7,"comment_status":"closed","ping_status":"closed","template":"page-templates\/full-width.php","meta":{"ngg_post_thumbnail":0,"footnotes":""},"class_list":["post-3622","page","type-page","status-publish","hentry"],"_links":{"self":[{"href":"https:\/\/villersvolley.fr\/index.php\/wp-json\/wp\/v2\/pages\/3622","targetHints":{"allow":["GET"]}}],"collection":[{"href":"https:\/\/villersvolley.fr\/index.php\/wp-json\/wp\/v2\/pages"}],"about":[{"href":"https:\/\/villersvolley.fr\/index.php\/wp-json\/wp\/v2\/types\/page"}],"author":[{"embeddable":true,"href":"https:\/\/villersvolley.fr\/index.php\/wp-json\/wp\/v2\/users\/2"}],"replies":[{"embeddable":true,"href":"https:\/\/villersvolley.fr\/index.php\/wp-json\/wp\/v2\/comments?post=3622"}],"version-history":[{"count":6,"href":"https:\/\/villersvolley.fr\/index.php\/wp-json\/wp\/v2\/pages\/3622\/revisions"}],"predecessor-version":[{"id":3935,"href":"https:\/\/villersvolley.fr\/index.php\/wp-json\/wp\/v2\/pages\/3622\/revisions\/3935"}],"up":[{"embeddable":true,"href":"https:\/\/villersvolley.fr\/index.php\/wp-json\/wp\/v2\/pages\/2677"}],"wp:attachment":[{"href":"https:\/\/villersvolley.fr\/index.php\/wp-json\/wp\/v2\/media?parent=3622"}],"curies":[{"name":"wp","href":"https:\/\/api.w.org\/{rel}","templated":true}]}}