{"id":512,"date":"2015-08-31T10:53:24","date_gmt":"2015-08-31T09:53:24","guid":{"rendered":"http:\/\/villersvolley.fr\/?page_id=512"},"modified":"2025-10-03T12:40:06","modified_gmt":"2025-10-03T10:40:06","slug":"open-villers2","status":"publish","type":"page","link":"https:\/\/villersvolley.fr\/index.php\/equipes-seniors\/open-villers2\/","title":{"rendered":"Open : Villers2"},"content":{"rendered":"<h1 style=\"text-align: center;\"><span style=\"color: #ffcc00;\">L&rsquo;\u00e9quipe pour la saison 2025-2026<\/span><\/h1>\n<p><a href=\"https:\/\/villersvolley.fr\/wp-content\/uploads\/2022\/01\/VNLLogo_1_Plan-de-travail-1.png\"><img loading=\"lazy\" decoding=\"async\" class=\"aligncenter size-full wp-image-2754\" src=\"https:\/\/villersvolley.fr\/wp-content\/uploads\/2022\/01\/VNLLogo_1_Plan-de-travail-1.png\" alt=\"\" width=\"400\" height=\"150\" srcset=\"https:\/\/villersvolley.fr\/wp-content\/uploads\/2022\/01\/VNLLogo_1_Plan-de-travail-1.png 400w, https:\/\/villersvolley.fr\/wp-content\/uploads\/2022\/01\/VNLLogo_1_Plan-de-travail-1-300x113.png 300w, https:\/\/villersvolley.fr\/wp-content\/uploads\/2022\/01\/VNLLogo_1_Plan-de-travail-1-128x48.png 128w, https:\/\/villersvolley.fr\/wp-content\/uploads\/2022\/01\/VNLLogo_1_Plan-de-travail-1-32x12.png 32w, https:\/\/villersvolley.fr\/wp-content\/uploads\/2022\/01\/VNLLogo_1_Plan-de-travail-1-3x1.png 3w\" sizes=\"auto, (max-width: 400px) 100vw, 400px\" \/><\/a><\/p>\n<h4><strong>Responsable : Simon<\/strong>&nbsp;<br \/>\n<strong>HORAIRES :<\/strong> Lundi : 20h00 &#8211; 22h00<br \/>\n<strong>LIEU :<\/strong> COSEC du Coll\u00e8ge G. CHEPFER<br \/>\n&nbsp;&nbsp;&nbsp;&nbsp;&nbsp;&nbsp;&nbsp;&nbsp;&nbsp;&nbsp;&nbsp; Rue de la Carri\u00e8re &#8211; Villers-l\u00e8s-Nancy<\/h4>\n<p>&nbsp;<\/p>\n<p><strong>R\u00e9sultats :<br \/>\n\n<!-- iframe plugin v.6.0 wordpress.org\/plugins\/iframe\/ -->\n<iframe loading=\"lazy\" src=\"https:\/\/www.ffvbbeach.org\/ffvbapp\/resu\/vbspo_calendrier.php?saison=2025%2F2026&#038;codent=PTLO54&#038;poule=OP3&#038;calend=COMPLET&#038;equipe=4&#038;x=8&#038;y=7\" width=\"100%\" height=\"1024\" scrolling=\"yes\" class=\"iframe-class\" frameborder=\"0\"><\/iframe>\n<\/strong><\/p>\n<h2 style=\"text-align: center;\">&nbsp;<\/h2>\n<hr>\n<h2 style=\"text-align: center;\">L&rsquo;\u00e9quipe pour la saison 2024-2025.<\/h2>\n<p><a href=\"https:\/\/villersvolley.fr\/wp-content\/uploads\/2024\/09\/villers2.jpg\"><img loading=\"lazy\" decoding=\"async\" class=\"aligncenter size-full wp-image-3612\" src=\"https:\/\/villersvolley.fr\/wp-content\/uploads\/2024\/09\/villers2.jpg\" alt=\"\" width=\"745\" height=\"500\" srcset=\"https:\/\/villersvolley.fr\/wp-content\/uploads\/2024\/09\/villers2.jpg 745w, https:\/\/villersvolley.fr\/wp-content\/uploads\/2024\/09\/villers2-300x201.jpg 300w, https:\/\/villersvolley.fr\/wp-content\/uploads\/2024\/09\/villers2-1x1.jpg 1w\" sizes=\"auto, (max-width: 745px) 100vw, 745px\" \/><\/a><\/p>\n<h4>&nbsp;<\/h4>\n<h4><strong>Responsable : Simon<\/strong>&nbsp;<br \/>\n<strong>HORAIRES :<\/strong> Lundi : 20h00 &#8211; 22h00<br \/>\n<strong>LIEU :<\/strong> COSEC du Coll\u00e8ge G. CHEPFER<br \/>\n&nbsp;&nbsp;&nbsp;&nbsp;&nbsp;&nbsp;&nbsp;&nbsp;&nbsp;&nbsp;&nbsp; Rue de la Carri\u00e8re &#8211; Villers-l\u00e8s-Nancy<\/h4>\n<p>&nbsp;<\/p>\n<p><strong>R\u00e9sultats :<br \/>\n\n<!-- iframe plugin v.6.0 wordpress.org\/plugins\/iframe\/ -->\n<iframe loading=\"lazy\" src=\"https:\/\/www.ffvbbeach.org\/ffvbapp\/resu\/vbspo_calendrier.php?saison=2024%2F2025&#038;codent=PTLO54&#038;poule=OP3&#038;calend=COMPLET&#038;equipe=5&#038;x=8&#038;y=3\" width=\"100%\" height=\"1024\" scrolling=\"yes\" class=\"iframe-class\" frameborder=\"0\"><\/iframe>\n\n<\/strong><\/p>\n<p>&nbsp;<\/p>\n<hr>\n<h2 style=\"text-align: center;\">L&rsquo;\u00e9quipe pour la saison 2023-2024.<\/h2>\n<p><a href=\"https:\/\/villersvolley.fr\/wp-content\/uploads\/2023\/09\/OPEN3-villers2.jpg\"><img loading=\"lazy\" decoding=\"async\" class=\"aligncenter size-full wp-image-3261\" src=\"https:\/\/villersvolley.fr\/wp-content\/uploads\/2023\/09\/OPEN3-villers2.jpg\" alt=\"\" width=\"600\" height=\"240\" srcset=\"https:\/\/villersvolley.fr\/wp-content\/uploads\/2023\/09\/OPEN3-villers2.jpg 600w, https:\/\/villersvolley.fr\/wp-content\/uploads\/2023\/09\/OPEN3-villers2-300x120.jpg 300w, https:\/\/villersvolley.fr\/wp-content\/uploads\/2023\/09\/OPEN3-villers2-3x1.jpg 3w\" sizes=\"auto, (max-width: 600px) 100vw, 600px\" \/><\/a><\/p>\n<h4>&nbsp;<\/h4>\n<h4><strong>Responsable : Simon GRAVIER<\/strong>&nbsp;<br \/>\n<strong>HORAIRES :<\/strong> Lundi : 20h00 &#8211; 22h00<br \/>\n<strong>LIEU :<\/strong> COSEC du Coll\u00e8ge G. CHEPFER<br \/>\n&nbsp;&nbsp;&nbsp;&nbsp;&nbsp;&nbsp;&nbsp;&nbsp;&nbsp;&nbsp;&nbsp; Rue de la Carri\u00e8re &#8211; Villers-l\u00e8s-Nancy<\/h4>\n<p>&nbsp;<\/p>\n<p><strong>R\u00e9sultats :<br \/>\n\n<!-- iframe plugin v.6.0 wordpress.org\/plugins\/iframe\/ -->\n<iframe loading=\"lazy\" src=\"https:\/\/www.ffvbbeach.org\/ffvbapp\/resu\/vbspo_calendrier.php?saison=2023%2F2024&#038;codent=PTLO54&#038;poule=OP3&#038;calend=COMPLET&#038;equipe=7&#038;x=9&#038;y=10\" width=\"100%\" height=\"1024\" scrolling=\"yes\" class=\"iframe-class\" frameborder=\"0\"><\/iframe>\n\n<\/strong><\/p>\n<h6>&nbsp;<\/h6>\n<hr>\n<h2 style=\"text-align: center;\">L&rsquo;\u00e9quipe pour la saison 2022-2023.<\/h2>\n<p style=\"text-align: center;\"><a href=\"https:\/\/villersvolley.fr\/wp-content\/uploads\/2022\/10\/0D1EB9AB-4274-4FD5-BD37-DF13CA883165.jpeg\"><img loading=\"lazy\" decoding=\"async\" class=\"aligncenter size-full wp-image-3083\" src=\"https:\/\/villersvolley.fr\/wp-content\/uploads\/2022\/10\/0D1EB9AB-4274-4FD5-BD37-DF13CA883165.jpeg\" alt=\"\" width=\"1080\" height=\"810\" srcset=\"https:\/\/villersvolley.fr\/wp-content\/uploads\/2022\/10\/0D1EB9AB-4274-4FD5-BD37-DF13CA883165.jpeg 1080w, https:\/\/villersvolley.fr\/wp-content\/uploads\/2022\/10\/0D1EB9AB-4274-4FD5-BD37-DF13CA883165-300x225.jpeg 300w, https:\/\/villersvolley.fr\/wp-content\/uploads\/2022\/10\/0D1EB9AB-4274-4FD5-BD37-DF13CA883165-1024x768.jpeg 1024w, https:\/\/villersvolley.fr\/wp-content\/uploads\/2022\/10\/0D1EB9AB-4274-4FD5-BD37-DF13CA883165-768x576.jpeg 768w, https:\/\/villersvolley.fr\/wp-content\/uploads\/2022\/10\/0D1EB9AB-4274-4FD5-BD37-DF13CA883165-1x1.jpeg 1w\" sizes=\"auto, (max-width: 1080px) 100vw, 1080px\" \/><\/a><\/p>\n<h4>&nbsp;<\/h4>\n<h4><strong>ENTRAINEUR \/ Simon GRAVIER<\/strong>&nbsp;<br \/>\n<strong>HORAIRES \/<\/strong>&nbsp;Lundi : 20h30 &#8211; 22h30<br \/>\n<strong>LIEU \/<\/strong> COSEC du Coll\u00e8ge G. CHEPFER<br \/>\n&nbsp;&nbsp;&nbsp;&nbsp;&nbsp;&nbsp;&nbsp;&nbsp;&nbsp;&nbsp;&nbsp; Rue de la Carri\u00e8re &#8211; Villers-l\u00e8s-Nancy<\/h4>\n<p>&nbsp;<\/p>\n<p><strong>R\u00e9sultats :<\/strong><\/p>\n\n<!-- iframe plugin v.6.0 wordpress.org\/plugins\/iframe\/ -->\n<iframe loading=\"lazy\" src=\"https:\/\/www.ffvbbeach.org\/ffvbapp\/resu\/vbspo_calendrier.php?saison=2022%2F2023&#038;codent=PTLO54&#038;poule=OP3&#038;calend=COMPLET&#038;equipe=9&#038;x=10&#038;y=10\" width=\"100%\" height=\"1024\" scrolling=\"yes\" class=\"iframe-class\" frameborder=\"0\"><\/iframe>\n\n<h4>&nbsp;<\/h4>\n<hr>\n<h4><strong>ENTRAINEUR \/ Simon GRAVIER<\/strong>&nbsp;<br \/>\n<strong>HORAIRES \/<\/strong>&nbsp;Lundi : 20h30 &#8211; 22h30<br \/>\n<strong>LIEU \/<\/strong> COSEC du Coll\u00e8ge G. CHEPFER<br \/>\n&nbsp;&nbsp;&nbsp;&nbsp;&nbsp;&nbsp;&nbsp;&nbsp;&nbsp;&nbsp;&nbsp; Rue de la Carri\u00e8re &#8211; Villers-l\u00e8s-Nancy<\/h4>\n<p>&nbsp;<\/p>\n<p><strong>R\u00e9sultats :<\/strong><\/p>\n\n<!-- iframe plugin v.6.0 wordpress.org\/plugins\/iframe\/ -->\n<iframe loading=\"lazy\" src=\"https:\/\/www.ffvbbeach.org\/ffvbapp\/resu\/vbspo_calendrier.php?saison=2021%2F2022&#038;codent=PTLO54&#038;poule=OP4&#038;calend=COMPLET&#038;equipe=10&#038;x=7&#038;y=8\" width=\"100%\" height=\"1024\" scrolling=\"yes\" class=\"iframe-class\" frameborder=\"0\"><\/iframe>\n\n","protected":false},"excerpt":{"rendered":"<p>L&rsquo;\u00e9quipe pour la saison 2025-2026 Responsable : Simon&nbsp; HORAIRES : Lundi : 20h00 &#8211; 22h00 LIEU : COSEC du Coll\u00e8ge G. CHEPFER &nbsp;&nbsp;&nbsp;&nbsp;&nbsp;&nbsp;&nbsp;&nbsp;&nbsp;&nbsp;&nbsp; Rue de la Carri\u00e8re &#8211; Villers-l\u00e8s-Nancy &nbsp; R\u00e9sultats : &nbsp; L&rsquo;\u00e9quipe pour la saison 2024-2025. &nbsp; Responsable : Simon&nbsp; HORAIRES : Lundi : 20h00 &#8211; 22h00 LIEU : COSEC du Coll\u00e8ge G. [&hellip;]<\/p>\n","protected":false},"author":2,"featured_media":0,"parent":2677,"menu_order":8,"comment_status":"closed","ping_status":"closed","template":"page-templates\/full-width.php","meta":{"ngg_post_thumbnail":0,"footnotes":""},"class_list":["post-512","page","type-page","status-publish","hentry"],"_links":{"self":[{"href":"https:\/\/villersvolley.fr\/index.php\/wp-json\/wp\/v2\/pages\/512","targetHints":{"allow":["GET"]}}],"collection":[{"href":"https:\/\/villersvolley.fr\/index.php\/wp-json\/wp\/v2\/pages"}],"about":[{"href":"https:\/\/villersvolley.fr\/index.php\/wp-json\/wp\/v2\/types\/page"}],"author":[{"embeddable":true,"href":"https:\/\/villersvolley.fr\/index.php\/wp-json\/wp\/v2\/users\/2"}],"replies":[{"embeddable":true,"href":"https:\/\/villersvolley.fr\/index.php\/wp-json\/wp\/v2\/comments?post=512"}],"version-history":[{"count":48,"href":"https:\/\/villersvolley.fr\/index.php\/wp-json\/wp\/v2\/pages\/512\/revisions"}],"predecessor-version":[{"id":3926,"href":"https:\/\/villersvolley.fr\/index.php\/wp-json\/wp\/v2\/pages\/512\/revisions\/3926"}],"up":[{"embeddable":true,"href":"https:\/\/villersvolley.fr\/index.php\/wp-json\/wp\/v2\/pages\/2677"}],"wp:attachment":[{"href":"https:\/\/villersvolley.fr\/index.php\/wp-json\/wp\/v2\/media?parent=512"}],"curies":[{"name":"wp","href":"https:\/\/api.w.org\/{rel}","templated":true}]}}